{"id":6743,"date":"2017-02-20T08:55:16","date_gmt":"2017-02-20T07:55:16","guid":{"rendered":"http:\/\/www.wakapou.com\/10-principles-fair-trade\/"},"modified":"2017-03-13T21:14:00","modified_gmt":"2017-03-13T20:14:00","slug":"10-principes-du-commerce-equitable","status":"publish","type":"page","link":"https:\/\/www.wakapou.com\/fr\/10-principes-du-commerce-equitable\/","title":{"rendered":"10 PRINCIPES DU COMMERCE EQUITABLE"},"content":{"rendered":"<div class=\"wpb-content-wrapper\"><p>[vc_row][vc_column][vc_column_text]<\/p>\n<h3>Wakapou s&rsquo;engage \u00e0 appliquer les principes suivants du commerce \u00e9quitable dans ses activit\u00e9s quotidiennes.<\/h3>\n<p>&nbsp;<\/p>\n<p><img decoding=\"async\" class=\"alignnone size-medium wp-image-6671\" src=\"http:\/\/www.wakapou.com\/wp-content\/uploads\/2017\/02\/10-Principles-of-Fair-Trade.jpg\" alt=\"\" \/>[\/vc_column_text][\/vc_column][\/vc_row]<\/p>\n<\/div>","protected":false},"excerpt":{"rendered":"<p>[vc_row][vc_column][vc_column_text] Wakapou s&rsquo;engage \u00e0 appliquer les principes suivants du commerce \u00e9quitable dans ses activit\u00e9s quotidiennes. &nbsp; [\/vc_column_text][\/vc_column][\/vc_row]<\/p>\n","protected":false},"author":1,"featured_media":0,"parent":0,"menu_order":0,"comment_status":"closed","ping_status":"closed","template":"","meta":{"footnotes":""},"class_list":["post-6743","page","type-page","status-publish","hentry"],"aioseo_notices":[],"_links":{"self":[{"href":"https:\/\/www.wakapou.com\/fr\/wp-json\/wp\/v2\/pages\/6743","targetHints":{"allow":["GET"]}}],"collection":[{"href":"https:\/\/www.wakapou.com\/fr\/wp-json\/wp\/v2\/pages"}],"about":[{"href":"https:\/\/www.wakapou.com\/fr\/wp-json\/wp\/v2\/types\/page"}],"author":[{"embeddable":true,"href":"https:\/\/www.wakapou.com\/fr\/wp-json\/wp\/v2\/users\/1"}],"replies":[{"embeddable":true,"href":"https:\/\/www.wakapou.com\/fr\/wp-json\/wp\/v2\/comments?post=6743"}],"version-history":[{"count":3,"href":"https:\/\/www.wakapou.com\/fr\/wp-json\/wp\/v2\/pages\/6743\/revisions"}],"predecessor-version":[{"id":6851,"href":"https:\/\/www.wakapou.com\/fr\/wp-json\/wp\/v2\/pages\/6743\/revisions\/6851"}],"wp:attachment":[{"href":"https:\/\/www.wakapou.com\/fr\/wp-json\/wp\/v2\/media?parent=6743"}],"curies":[{"name":"wp","href":"https:\/\/api.w.org\/{rel}","templated":true}]}}